{"id":1830,"date":"2021-05-27T22:06:25","date_gmt":"2021-05-27T20:06:25","guid":{"rendered":"https:\/\/www.michaeljoerg.de\/?page_id=1830"},"modified":"2024-05-21T19:30:57","modified_gmt":"2024-05-21T18:30:57","slug":"dp-director","status":"publish","type":"page","link":"https:\/\/www.michaeljoerg.de\/en\/dp-director\/","title":{"rendered":"DP-Director"},"content":{"rendered":"","protected":false},"excerpt":{"rendered":"","protected":false},"author":1,"featured_media":0,"parent":0,"menu_order":0,"comment_status":"closed","ping_status":"closed","template":"page-gallery-video.php","meta":{"_acf_changed":false,"footnotes":""},"class_list":["post-1830","page","type-page","status-publish","hentry"],"acf":[],"yoast_head":"<!-- This site is optimized with the Yoast SEO plugin v26.9 - https:\/\/yoast.com\/product\/yoast-seo-wordpress\/ -->\n<title>Camera-Director or DP-Director for commercial, product and corporate film<\/title>\n<meta name=\"description\" content=\"As DP-Director or Camera-Director in one person I am developing, shooting and post producing commercials, produkt films and corporate films.\" \/>\n<meta name=\"robots\" content=\"index, follow, max-snippet:-1, max-image-preview:large, max-video-preview:-1\" \/>\n<link rel=\"canonical\" href=\"https:\/\/www.michaeljoerg.de\/en\/dp-director\/\" \/>\n<meta property=\"og:locale\" content=\"en_US\" \/>\n<meta property=\"og:type\" content=\"article\" \/>\n<meta property=\"og:title\" content=\"Camera-Director or DP-Director for commercial, product and corporate film\" \/>\n<meta property=\"og:description\" content=\"As DP-Director or Camera-Director in one person I am developing, shooting and post producing commercials, produkt films and corporate films.\" \/>\n<meta property=\"og:url\" content=\"https:\/\/www.michaeljoerg.de\/en\/dp-director\/\" \/>\n<meta property=\"og:site_name\" content=\"Michael J\u00f6rg\" \/>\n<meta property=\"article:publisher\" content=\"https:\/\/www.facebook.com\/michael.jorg.790\" \/>\n<meta property=\"article:modified_time\" content=\"2024-05-21T18:30:57+00:00\" \/>\n<meta property=\"og:image\" content=\"https:\/\/www.michaeljoerg.de\/wp-content\/uploads\/2020\/02\/portrait-kameramann-michael-jorg.jpg\" \/>\n\t<meta property=\"og:image:width\" content=\"1000\" \/>\n\t<meta property=\"og:image:height\" content=\"1500\" \/>\n\t<meta property=\"og:image:type\" content=\"image\/jpeg\" \/>\n<script type=\"application\/ld+json\" class=\"yoast-schema-graph\">{\"@context\":\"https:\/\/schema.org\",\"@graph\":[{\"@type\":\"WebPage\",\"@id\":\"https:\/\/www.michaeljoerg.de\/en\/dp-director\/\",\"url\":\"https:\/\/www.michaeljoerg.de\/en\/dp-director\/\",\"name\":\"Camera-Director or DP-Director for commercial, product and corporate film\",\"isPartOf\":{\"@id\":\"https:\/\/www.michaeljoerg.de\/#website\"},\"datePublished\":\"2021-05-27T20:06:25+00:00\",\"dateModified\":\"2024-05-21T18:30:57+00:00\",\"description\":\"As DP-Director or Camera-Director in one person I am developing, shooting and post producing commercials, produkt films and corporate films.\",\"breadcrumb\":{\"@id\":\"https:\/\/www.michaeljoerg.de\/en\/dp-director\/#breadcrumb\"},\"inLanguage\":\"en-US\",\"potentialAction\":[{\"@type\":\"ReadAction\",\"target\":[\"https:\/\/www.michaeljoerg.de\/en\/dp-director\/\"]}]},{\"@type\":\"BreadcrumbList\",\"@id\":\"https:\/\/www.michaeljoerg.de\/en\/dp-director\/#breadcrumb\",\"itemListElement\":[{\"@type\":\"ListItem\",\"position\":1,\"name\":\"Home\",\"item\":\"https:\/\/www.michaeljoerg.de\/en\/\"},{\"@type\":\"ListItem\",\"position\":2,\"name\":\"DP-Director\"}]},{\"@type\":\"WebSite\",\"@id\":\"https:\/\/www.michaeljoerg.de\/#website\",\"url\":\"https:\/\/www.michaeljoerg.de\/\",\"name\":\"Michael J\u00f6rg\",\"description\":\"Director of Photography\",\"publisher\":{\"@id\":\"https:\/\/www.michaeljoerg.de\/#\/schema\/person\/1667771763b0875bdc74a1f97a510b33\"},\"potentialAction\":[{\"@type\":\"SearchAction\",\"target\":{\"@type\":\"EntryPoint\",\"urlTemplate\":\"https:\/\/www.michaeljoerg.de\/?s={search_term_string}\"},\"query-input\":{\"@type\":\"PropertyValueSpecification\",\"valueRequired\":true,\"valueName\":\"search_term_string\"}}],\"inLanguage\":\"en-US\"},{\"@type\":[\"Person\",\"Organization\"],\"@id\":\"https:\/\/www.michaeljoerg.de\/#\/schema\/person\/1667771763b0875bdc74a1f97a510b33\",\"name\":\"Michael J\u00f6rg\",\"image\":{\"@type\":\"ImageObject\",\"inLanguage\":\"en-US\",\"@id\":\"https:\/\/www.michaeljoerg.de\/#\/schema\/person\/image\/\",\"url\":\"https:\/\/www.michaeljoerg.de\/wp-content\/uploads\/2010\/12\/michael0.jpg\",\"contentUrl\":\"https:\/\/www.michaeljoerg.de\/wp-content\/uploads\/2010\/12\/michael0.jpg\",\"width\":2650,\"height\":3974,\"caption\":\"Michael J\u00f6rg\"},\"logo\":{\"@id\":\"https:\/\/www.michaeljoerg.de\/#\/schema\/person\/image\/\"},\"description\":\"Michael J\u00f6rg ist Kameramann f\u00fcr Werbung, Produktfilm, Imagefilm sowie Musikvideo und Spielfilm aus K\u00f6ln. Auch KameraRegie Jobs macht er regelm\u00e4\u00dfig.\",\"sameAs\":[\"http:\/\/michaeljoerg.de\",\"https:\/\/www.facebook.com\/michael.jorg.790\",\"https:\/\/www.instagram.com\/michael.joerg.kameramann\/\",\"https:\/\/www.linkedin.com\/in\/michaeljoerg\/\",\"https:\/\/www.youtube.com\/user\/kameramannjoerg\",\"https:\/\/de.wikipedia.org\/wiki\/Michael_Jrg\"]}]}<\/script>\n<!-- \/ Yoast SEO plugin. -->","yoast_head_json":{"title":"Camera-Director or DP-Director for commercial, product and corporate film","description":"As DP-Director or Camera-Director in one person I am developing, shooting and post producing commercials, produkt films and corporate films.","robots":{"index":"index","follow":"follow","max-snippet":"max-snippet:-1","max-image-preview":"max-image-preview:large","max-video-preview":"max-video-preview:-1"},"canonical":"https:\/\/www.michaeljoerg.de\/en\/dp-director\/","og_locale":"en_US","og_type":"article","og_title":"Camera-Director or DP-Director for commercial, product and corporate film","og_description":"As DP-Director or Camera-Director in one person I am developing, shooting and post producing commercials, produkt films and corporate films.","og_url":"https:\/\/www.michaeljoerg.de\/en\/dp-director\/","og_site_name":"Michael J\u00f6rg","article_publisher":"https:\/\/www.facebook.com\/michael.jorg.790","article_modified_time":"2024-05-21T18:30:57+00:00","og_image":[{"width":1000,"height":1500,"url":"https:\/\/www.michaeljoerg.de\/wp-content\/uploads\/2020\/02\/portrait-kameramann-michael-jorg.jpg","type":"image\/jpeg"}],"schema":{"@context":"https:\/\/schema.org","@graph":[{"@type":"WebPage","@id":"https:\/\/www.michaeljoerg.de\/en\/dp-director\/","url":"https:\/\/www.michaeljoerg.de\/en\/dp-director\/","name":"Camera-Director or DP-Director for commercial, product and corporate film","isPartOf":{"@id":"https:\/\/www.michaeljoerg.de\/#website"},"datePublished":"2021-05-27T20:06:25+00:00","dateModified":"2024-05-21T18:30:57+00:00","description":"As DP-Director or Camera-Director in one person I am developing, shooting and post producing commercials, produkt films and corporate films.","breadcrumb":{"@id":"https:\/\/www.michaeljoerg.de\/en\/dp-director\/#breadcrumb"},"inLanguage":"en-US","potentialAction":[{"@type":"ReadAction","target":["https:\/\/www.michaeljoerg.de\/en\/dp-director\/"]}]},{"@type":"BreadcrumbList","@id":"https:\/\/www.michaeljoerg.de\/en\/dp-director\/#breadcrumb","itemListElement":[{"@type":"ListItem","position":1,"name":"Home","item":"https:\/\/www.michaeljoerg.de\/en\/"},{"@type":"ListItem","position":2,"name":"DP-Director"}]},{"@type":"WebSite","@id":"https:\/\/www.michaeljoerg.de\/#website","url":"https:\/\/www.michaeljoerg.de\/","name":"Michael J\u00f6rg","description":"Director of Photography","publisher":{"@id":"https:\/\/www.michaeljoerg.de\/#\/schema\/person\/1667771763b0875bdc74a1f97a510b33"},"potentialAction":[{"@type":"SearchAction","target":{"@type":"EntryPoint","urlTemplate":"https:\/\/www.michaeljoerg.de\/?s={search_term_string}"},"query-input":{"@type":"PropertyValueSpecification","valueRequired":true,"valueName":"search_term_string"}}],"inLanguage":"en-US"},{"@type":["Person","Organization"],"@id":"https:\/\/www.michaeljoerg.de\/#\/schema\/person\/1667771763b0875bdc74a1f97a510b33","name":"Michael J\u00f6rg","image":{"@type":"ImageObject","inLanguage":"en-US","@id":"https:\/\/www.michaeljoerg.de\/#\/schema\/person\/image\/","url":"https:\/\/www.michaeljoerg.de\/wp-content\/uploads\/2010\/12\/michael0.jpg","contentUrl":"https:\/\/www.michaeljoerg.de\/wp-content\/uploads\/2010\/12\/michael0.jpg","width":2650,"height":3974,"caption":"Michael J\u00f6rg"},"logo":{"@id":"https:\/\/www.michaeljoerg.de\/#\/schema\/person\/image\/"},"description":"Michael J\u00f6rg ist Kameramann f\u00fcr Werbung, Produktfilm, Imagefilm sowie Musikvideo und Spielfilm aus K\u00f6ln. Auch KameraRegie Jobs macht er regelm\u00e4\u00dfig.","sameAs":["http:\/\/michaeljoerg.de","https:\/\/www.facebook.com\/michael.jorg.790","https:\/\/www.instagram.com\/michael.joerg.kameramann\/","https:\/\/www.linkedin.com\/in\/michaeljoerg\/","https:\/\/www.youtube.com\/user\/kameramannjoerg","https:\/\/de.wikipedia.org\/wiki\/Michael_Jrg"]}]}},"_links":{"self":[{"href":"https:\/\/www.michaeljoerg.de\/en\/wp-json\/wp\/v2\/pages\/1830","targetHints":{"allow":["GET"]}}],"collection":[{"href":"https:\/\/www.michaeljoerg.de\/en\/wp-json\/wp\/v2\/pages"}],"about":[{"href":"https:\/\/www.michaeljoerg.de\/en\/wp-json\/wp\/v2\/types\/page"}],"author":[{"embeddable":true,"href":"https:\/\/www.michaeljoerg.de\/en\/wp-json\/wp\/v2\/users\/1"}],"replies":[{"embeddable":true,"href":"https:\/\/www.michaeljoerg.de\/en\/wp-json\/wp\/v2\/comments?post=1830"}],"version-history":[{"count":9,"href":"https:\/\/www.michaeljoerg.de\/en\/wp-json\/wp\/v2\/pages\/1830\/revisions"}],"predecessor-version":[{"id":2069,"href":"https:\/\/www.michaeljoerg.de\/en\/wp-json\/wp\/v2\/pages\/1830\/revisions\/2069"}],"wp:attachment":[{"href":"https:\/\/www.michaeljoerg.de\/en\/wp-json\/wp\/v2\/media?parent=1830"}],"curies":[{"name":"wp","href":"https:\/\/api.w.org\/{rel}","templated":true}]}}